{"id":4215,"date":"2020-03-06T14:44:53","date_gmt":"2020-03-06T05:44:53","guid":{"rendered":"http:\/\/strobez.ca\/wp\/?page_id=4215"},"modified":"2020-03-06T14:44:53","modified_gmt":"2020-03-06T05:44:53","slug":"07-fieseler-fi-156-storch","status":"publish","type":"page","link":"https:\/\/strobez.ca\/wp\/voir-et-savoir\/07-fieseler-fi-156-storch\/","title":{"rendered":"07: Fieseler Fi 156 &#8220;Storch&#8221;"},"content":{"rendered":"<p><img loading=\"lazy\" decoding=\"async\" class=\"aligncenter wp-image-4138 size-full\" src=\"http:\/\/strobez.ca\/wp\/wp-content\/uploads\/2020\/02\/07-Fieseler-Fi-156-Storch.jpg\" alt=\"\" width=\"772\" height=\"500\" srcset=\"https:\/\/strobez.ca\/wp\/wp-content\/uploads\/2020\/02\/07-Fieseler-Fi-156-Storch.jpg 772w, https:\/\/strobez.ca\/wp\/wp-content\/uploads\/2020\/02\/07-Fieseler-Fi-156-Storch-300x194.jpg 300w, https:\/\/strobez.ca\/wp\/wp-content\/uploads\/2020\/02\/07-Fieseler-Fi-156-Storch-768x497.jpg 768w\" sizes=\"auto, (max-width: 772px) 100vw, 772px\" \/><\/p>\n<blockquote>\n<p align=\"JUSTIFY\"><span style=\"font-size: 300%;\">G<\/span><span style=\"font-size: large;\">ERHARDT FIESELER, le grand as allemand de l&#8217;acrobatie qui se mesura plusieurs fois dans des concours avec le fran\u00e7ais Detroyat, fonda sa propre compagnie de construction a\u00e9rienne peu avant le conflit. Cette nouvelle firme allemande allait produire l&#8217;un des appareils les plus curieux de la derni\u00e8re guerre\u00a0: le\u00a0<i>Fieseler Storch<\/i>, avion d&#8217;observation par excellence. Son apparition sur le front, o\u00f9 il proc\u00e9dait aux r\u00e9glages d&#8217;artilleries, pr\u00e9parait les attaques a\u00e9riennes et v\u00e9rifiait apr\u00e8s coup le travail de destruction r\u00e9alis\u00e9, fut une d\u00e9sagr\u00e9able surprise pour les arm\u00e9es alli\u00e9es. Cet \u00e9trange avion au nom pacifique (Storch\u00a0: cigogne) et \u00e0 l&#8217;allure d\u00e9bonnaire, peut s&#8217;enorgueillir de beaux \u00e9tats de service. <\/span><\/p>\n<p>&nbsp;<\/p>\n<p align=\"JUSTIFY\"><span style=\"font-size: large;\">Capable de d\u00e9coller et d&#8217;atterrir sur un terrain tr\u00e8s court gr\u00e2ce \u00e0 son syst\u00e8me de fentes et volets, le\u00a0<i>Storch<\/i>, que les fantassins exasp\u00e9r\u00e9s surnomm\u00e8rent &#8221;\u00a0mouchard\u00a0&#8220;, \u00e9tait l&#8217;appareil le plus s\u00fbr qui f\u00fbt, mais aussi celui qui &#8221;\u00a0avait le plus de morts sur la conscience\u00a0&#8221;\u00a0: cette boutade refl\u00e9tait d&#8217;ailleurs parfaitement la v\u00e9rit\u00e9\u00a0!&#8230; L&#8217;exploit le plus c\u00e9l\u00e8bre du\u00a0<i>Storch<\/i>\u00a0fut son atterrissage et son d\u00e9collage sur le plateau du Grand Sasso en Italie, lorsque le colonel allemand Skorzeny d\u00e9livra Mussolini que l&#8217;on gardait \u00e0 vue dans un h\u00f4tel d&#8217;acc\u00e8s presque inaccessible. Il continua d&#8217;\u00eatre construit en France apr\u00e8s la lib\u00e9ration par les usines Morane-Saulnier sous la d\u00e9nomination de\u00a0<i>MS-500<\/i>\u00a0avec moteur Argus, puis sous celle de\u00a0<i>MS-502<\/i>\u00a0avec moteur Salmson. On devait retrouver cet appareil ainsi baptis\u00e9 dans les arm\u00e9es de l&#8217;air fran\u00e7aises m\u00e9tropolitaines et d&#8217;outre-mer, en Indochine notamment.<\/span><\/p>\n<p>&nbsp;<\/p>\n<p align=\"JUSTIFY\"><span style=\"font-size: medium;\"><b>Caract\u00e9ristiques\u00a0:<\/b>\u00a0<i>Envergure\u00a0<\/i>: 14,25 m. \u2013\u00a0<i>Longueur\u00a0<\/i>: 9,74 m. \u2013 1 moteur Argus AS 10 de 240 C.V. \u2013\u00a0<i>Armement\u00a0<\/i>: 1 mitrailleuse tirant vers l&#8217;arri\u00e8re. \u2013\u00a0<i>Vitesse maximum\u00a0<\/i>: 175 km\/h.<\/span><\/p>\n<\/blockquote>\n","protected":false},"excerpt":{"rendered":"<p>GERHARDT FIESELER, le grand as allemand de l&#8217;acrobatie qui se mesura plusieurs fois dans des concours avec le fran\u00e7ais Detroyat, fonda sa propre compagnie de construction a\u00e9rienne peu avant le conflit. Cette nouvelle firme allemande allait produire l&#8217;un des appareils&hellip;<\/p>\n","protected":false},"author":1,"featured_media":4138,"parent":107,"menu_order":0,"comment_status":"closed","ping_status":"closed","template":"","meta":{"jetpack_post_was_ever_published":false,"footnotes":""},"class_list":["post-4215","page","type-page","status-publish","has-post-thumbnail","hentry"],"jetpack_sharing_enabled":true,"_links":{"self":[{"href":"https:\/\/strobez.ca\/wp\/wp-json\/wp\/v2\/pages\/4215","targetHints":{"allow":["GET"]}}],"collection":[{"href":"https:\/\/strobez.ca\/wp\/wp-json\/wp\/v2\/pages"}],"about":[{"href":"https:\/\/strobez.ca\/wp\/wp-json\/wp\/v2\/types\/page"}],"author":[{"embeddable":true,"href":"https:\/\/strobez.ca\/wp\/wp-json\/wp\/v2\/users\/1"}],"replies":[{"embeddable":true,"href":"https:\/\/strobez.ca\/wp\/wp-json\/wp\/v2\/comments?post=4215"}],"version-history":[{"count":1,"href":"https:\/\/strobez.ca\/wp\/wp-json\/wp\/v2\/pages\/4215\/revisions"}],"predecessor-version":[{"id":4216,"href":"https:\/\/strobez.ca\/wp\/wp-json\/wp\/v2\/pages\/4215\/revisions\/4216"}],"up":[{"embeddable":true,"href":"https:\/\/strobez.ca\/wp\/wp-json\/wp\/v2\/pages\/107"}],"wp:featuredmedia":[{"embeddable":true,"href":"https:\/\/strobez.ca\/wp\/wp-json\/wp\/v2\/media\/4138"}],"wp:attachment":[{"href":"https:\/\/strobez.ca\/wp\/wp-json\/wp\/v2\/media?parent=4215"}],"curies":[{"name":"wp","href":"https:\/\/api.w.org\/{rel}","templated":true}]}}